{"id":305,"date":"2021-06-08T17:50:26","date_gmt":"2021-06-08T20:50:26","guid":{"rendered":"https:\/\/www.erpworks.com.br\/srp\/?page_id=305"},"modified":"2021-06-08T17:57:12","modified_gmt":"2021-06-08T20:57:12","slug":"o-que-e-o-totvs-protheus","status":"publish","type":"page","link":"https:\/\/www.erpworks.com.br\/srp\/o-que-e-o-totvs-protheus\/","title":{"rendered":"O que \u00e9 o Totvs Protheus"},"content":{"rendered":"\t\t<div data-elementor-type=\"wp-page\" data-elementor-id=\"305\" class=\"elementor elementor-305\" data-elementor-settings=\"[]\">\n\t\t\t\t\t\t\t<div class=\"elementor-section-wrap\">\n\t\t\t\t\t\t\t<section class=\"elementor-section elementor-top-section elementor-element elementor-element-4675c772 elementor-section-boxed elementor-section-height-default elementor-section-height-default\" data-id=\"4675c772\" data-element_type=\"section\">\n\t\t\t\t\t\t<div class=\"elementor-container elementor-column-gap-default\">\n\t\t\t\t\t<div class=\"elementor-column elementor-col-100 elementor-top-column elementor-element elementor-element-244cd291\" data-id=\"244cd291\" data-element_type=\"column\">\n\t\t\t<div class=\"elementor-widget-wrap elementor-element-populated\">\n\t\t\t\t\t\t\t\t<div class=\"elementor-element elementor-element-17d24a09 elementor-widget elementor-widget-image\" data-id=\"17d24a09\" data-element_type=\"widget\" data-widget_type=\"image.default\">\n\t\t\t\t<div class=\"elementor-widget-container\">\n\t\t\t\t\t\t\t\t\t\t\t\t\t\t\t<img decoding=\"async\" src=\"https:\/\/www.erpworks.com.br\/srp\/wp-content\/uploads\/elementor\/thumbs\/logo-erp-p5pv4xlc7fc31pi9u9cordeghdh3t5zatao6rmts2i.png\" title=\"logo-erp.png\" alt=\"logo-erp.png\" \/>\t\t\t\t\t\t\t\t\t\t\t\t\t\t\t<\/div>\n\t\t\t\t<\/div>\n\t\t\t\t\t<\/div>\n\t\t<\/div>\n\t\t\t\t\t\t\t<\/div>\n\t\t<\/section>\n\t\t\t\t<section class=\"elementor-section elementor-top-section elementor-element elementor-element-27dd0abd elementor-section-boxed elementor-section-height-default elementor-section-height-default\" data-id=\"27dd0abd\" data-element_type=\"section\">\n\t\t\t\t\t\t<div class=\"elementor-container elementor-column-gap-wider\">\n\t\t\t\t\t<div class=\"elementor-column elementor-col-100 elementor-top-column elementor-element elementor-element-1f0b16db\" data-id=\"1f0b16db\" data-element_type=\"column\">\n\t\t\t<div class=\"elementor-widget-wrap elementor-element-populated\">\n\t\t\t\t\t\t\t\t<div class=\"elementor-element elementor-element-5e460a24 elementor-widget elementor-widget-heading\" data-id=\"5e460a24\" data-element_type=\"widget\" data-widget_type=\"heading.default\">\n\t\t\t\t<div class=\"elementor-widget-container\">\n\t\t\t<h2 class=\"elementor-heading-title elementor-size-large\">O que \u00e9 o Totvs Protheus<\/h2>\t\t<\/div>\n\t\t\t\t<\/div>\n\t\t\t\t<div class=\"elementor-element elementor-element-53dc767 elementor-widget elementor-widget-text-editor\" data-id=\"53dc767\" data-element_type=\"widget\" data-widget_type=\"text-editor.default\">\n\t\t\t\t<div class=\"elementor-widget-container\">\n\t\t\t\t\t\t\t\t<p>O Totvs Protheus \u00e9 o ERP (Sistema Integrado de Gest\u00e3o Empresarial) l\u00edder do mercado brasileiro por possuir duas caracter\u00edsticas muito importantes:<br \/>\u2022 \u00e9 totalmente adaptado \u00e0 legisla\u00e7\u00e3o brasileira.<br \/>\u2022 permite a customiza\u00e7\u00e3o do sistema para processos e demandas de gest\u00e3o.<\/p><p>\u00a0<\/p><p>A t\u00e3o sonhada efici\u00eancia da gest\u00e3o empresarial com o uso do Protheus \u00e9 facilitada por meio dos m\u00f3dulos que automatizam processos administrativos e centralizam as informa\u00e7\u00f5es operacionais.<\/p><p>\u00a0<\/p><p>O Protheus tem evolu\u00e7\u00e3o cont\u00ednua pois acompanha todas as transforma\u00e7\u00f5es mercadol\u00f3gicas, legislativas e tecnol\u00f3gicas oferecendo sempre inova\u00e7\u00f5es e solu\u00e7\u00f5es exclusivas.<\/p><p>\u00a0<\/p><p>O Protheus roda em m\u00faltiplos sistemas operacionais e pode ser facilmente integrado em qualquer solu\u00e7\u00e3o de tecnologia de uma empresa, seja na nuvem ou on-premises.<\/p><p>\u00a0<\/p><p>Os principais m\u00f3dulos do Protheus s\u00e3o:<br \/>Compras<br \/>Estoque\/Custos<br \/>Faturamento<br \/>Financeiro<br \/>Fiscal<br \/>PCP<\/p><p>\u00a0<\/p><p>A ERPWorks \u00e9 uma consultoria especializada no Totvs Protheus pode contar conosco para:<br \/>\u2022 Implanta\u00e7\u00e3o do Protheus<br \/>\u2022 Mapeamento de processos<br \/>\u2022 Suporte<br \/>\u2022 Atualiza\u00e7\u00e3o de releases<br \/>\u2022 Desenvolvimento de personaliza\u00e7\u00f5es para aumentar a ader\u00eancia \u00e0 empresa<\/p><p>\u00a0<\/p><p>N\u00e3o importa em qual local do pa\u00eds sua empresa est\u00e1 sediada pois temos um suporte remoto personalizado altamente eficiente.<\/p><p>\u00a0<\/p><p>Melhor do que falar \u00e9 demonstrar o que podemos fazer. Clique no bot\u00e3o abaixo e conhe\u00e7a alguns de nossos cases.\u00a0<\/p>\t\t\t\t\t\t<\/div>\n\t\t\t\t<\/div>\n\t\t\t\t<div class=\"elementor-element elementor-element-4da84825 elementor-align-center elementor-widget elementor-widget-button\" data-id=\"4da84825\" data-element_type=\"widget\" data-widget_type=\"button.default\">\n\t\t\t\t<div class=\"elementor-widget-container\">\n\t\t\t\t\t<div class=\"elementor-button-wrapper\">\n\t\t\t<a href=\"https:\/\/www.erpworks.com.br\/srp\/#cases\" class=\"elementor-button-link elementor-button elementor-size-sm\" role=\"button\">\n\t\t\t\t\t\t<span class=\"elementor-button-content-wrapper\">\n\t\t\t\t\t\t<span class=\"elementor-button-text\">Atendemos clientes de pequeno, m\u00e9dio e grande porte. Conhe\u00e7a nossos cases.<\/span>\n\t\t<\/span>\n\t\t\t\t\t<\/a>\n\t\t<\/div>\n\t\t\t\t<\/div>\n\t\t\t\t<\/div>\n\t\t\t\t\t<\/div>\n\t\t<\/div>\n\t\t\t\t\t\t\t<\/div>\n\t\t<\/section>\n\t\t\t\t<section class=\"elementor-section elementor-top-section elementor-element elementor-element-36ac1785 elementor-section-height-min-height elementor-section-boxed elementor-section-height-default elementor-section-items-middle\" data-id=\"36ac1785\" data-element_type=\"section\" data-settings=\"{&quot;background_background&quot;:&quot;classic&quot;}\">\n\t\t\t\t\t\t\t<div class=\"elementor-background-overlay\"><\/div>\n\t\t\t\t\t\t\t<div class=\"elementor-container elementor-column-gap-default\">\n\t\t\t\t\t<div class=\"elementor-column elementor-col-50 elementor-top-column elementor-element elementor-element-ead4881\" data-id=\"ead4881\" data-element_type=\"column\">\n\t\t\t<div class=\"elementor-widget-wrap elementor-element-populated\">\n\t\t\t\t\t\t\t\t<div class=\"elementor-element elementor-element-64810a7f elementor-widget elementor-widget-heading\" data-id=\"64810a7f\" data-element_type=\"widget\" data-widget_type=\"heading.default\">\n\t\t\t\t<div class=\"elementor-widget-container\">\n\t\t\t<h2 class=\"elementor-heading-title elementor-size-large\">Somos especialistas<br>ToTVS Protheus<\/h2>\t\t<\/div>\n\t\t\t\t<\/div>\n\t\t\t\t\t<\/div>\n\t\t<\/div>\n\t\t\t\t<div class=\"elementor-column elementor-col-50 elementor-top-column elementor-element elementor-element-7b870254\" data-id=\"7b870254\" data-element_type=\"column\">\n\t\t\t<div class=\"elementor-widget-wrap elementor-element-populated\">\n\t\t\t\t\t\t\t\t<div class=\"elementor-element elementor-element-5623bc79 elementor-widget elementor-widget-heading\" data-id=\"5623bc79\" data-element_type=\"widget\" data-widget_type=\"heading.default\">\n\t\t\t\t<div class=\"elementor-widget-container\">\n\t\t\t<h2 class=\"elementor-heading-title elementor-size-large\">+16 anos de mercado<p><p>\n+45 Consultores Especialistas<p>\nContrata\u00e7\u00e3o CLT<p>\n+ 400 Projetos Entregues<\/br>\ncom alto n\u00edvel de satisfa\u00e7\u00e3o<p>\n+ 90 Clientes Ativos<p>\n<b>Atendemos em todo o pa\u00eds<\/br><\/h2>\t\t<\/div>\n\t\t\t\t<\/div>\n\t\t\t\t\t<\/div>\n\t\t<\/div>\n\t\t\t\t\t\t\t<\/div>\n\t\t<\/section>\n\t\t\t\t<section class=\"elementor-section elementor-top-section elementor-element elementor-element-462edbb5 elementor-section-content-middle elementor-section-boxed elementor-section-height-default elementor-section-height-default\" data-id=\"462edbb5\" data-element_type=\"section\" data-settings=\"{&quot;background_background&quot;:&quot;classic&quot;}\">\n\t\t\t\t\t\t<div class=\"elementor-container elementor-column-gap-no\">\n\t\t\t\t\t<div class=\"elementor-column elementor-col-100 elementor-top-column elementor-element elementor-element-4fca8a1e\" data-id=\"4fca8a1e\" data-element_type=\"column\">\n\t\t\t<div class=\"elementor-widget-wrap elementor-element-populated\">\n\t\t\t\t\t\t\t\t<div class=\"elementor-element elementor-element-5d8ec78d elementor-widget elementor-widget-heading\" data-id=\"5d8ec78d\" data-element_type=\"widget\" data-widget_type=\"heading.default\">\n\t\t\t\t<div class=\"elementor-widget-container\">\n\t\t\t<h4 class=\"elementor-heading-title elementor-size-default\">Que tal 30 dias de suporte gr\u00e1tis? *<\/h4>\t\t<\/div>\n\t\t\t\t<\/div>\n\t\t\t\t<div class=\"elementor-element elementor-element-1df5b2cb elementor-widget elementor-widget-heading\" data-id=\"1df5b2cb\" data-element_type=\"widget\" data-widget_type=\"heading.default\">\n\t\t\t\t<div class=\"elementor-widget-container\">\n\t\t\t<h3 class=\"elementor-heading-title elementor-size-default\">Se voc\u00ea j\u00e1 usa o Totvs Protheus e precisa de de suporte pra suas demandas conte conosco. <b>Conhe\u00e7a nossas solu\u00e7\u00f5es na pratica, focadas nas necessidades da sua empresa.<\/b><\/h3>\t\t<\/div>\n\t\t\t\t<\/div>\n\t\t\t\t<div class=\"elementor-element elementor-element-36026a28 elementor-widget elementor-widget-shortcode\" data-id=\"36026a28\" data-element_type=\"widget\" data-widget_type=\"shortcode.default\">\n\t\t\t\t<div class=\"elementor-widget-container\">\n\t\t\t\t\t<div class=\"elementor-shortcode\"><div class=\"frm_forms  with_frm_style frm_inline_form frm_inline_top frm_style_erp\" id=\"frm_form_2_container\" >\n<form enctype=\"multipart\/form-data\" method=\"post\" class=\"frm-show-form  frm_pro_form \" id=\"form_erpworks\"  >\n<div class=\"frm_form_fields \">\n<fieldset>\n<legend class=\"frm_screen_reader\">ERPWorks - Teste Gratuito<\/legend>\r\n\r\n<div class=\"frm_fields_container\">\n<input type=\"hidden\" name=\"frm_action\" value=\"create\" \/>\n<input type=\"hidden\" name=\"form_id\" value=\"2\" \/>\n<input type=\"hidden\" name=\"frm_hide_fields_2\" id=\"frm_hide_fields_2\" value=\"\" \/>\n<input type=\"hidden\" name=\"form_key\" value=\"erpworks\" \/>\n<input type=\"hidden\" name=\"item_meta[0]\" value=\"\" \/>\n<input type=\"hidden\" id=\"frm_submit_entry_2\" name=\"frm_submit_entry_2\" value=\"a718caee78\" \/><input type=\"hidden\" name=\"_wp_http_referer\" value=\"\/srp\/wp-json\/wp\/v2\/pages\/305\" \/><div id=\"frm_field_6_container\" class=\"frm_form_field form-field  frm_required_field frm_inside_container frm_first frm_fourth\">\r\n    <label for=\"field_fk2pj\" id=\"field_fk2pj_label\" class=\"frm_primary_label\">Nome\r\n        <span class=\"frm_required\" aria-hidden=\"true\">*<\/span>\r\n    <\/label>\r\n    <input type=\"text\" id=\"field_fk2pj\" name=\"item_meta[6]\" value=\"\"  placeholder=\"Nome *\" data-reqmsg=\"This field cannot be blank.\" aria-required=\"true\" data-invmsg=\"Text is invalid\" aria-invalid=\"false\"  \/>\r\n    \r\n    \r\n<\/div>\n<div id=\"frm_field_7_container\" class=\"frm_form_field form-field  frm_required_field frm_inside_container frm_fourth\">\r\n    <label for=\"field_xsl5g\" id=\"field_xsl5g_label\" class=\"frm_primary_label\">Email\r\n        <span class=\"frm_required\" aria-hidden=\"true\">*<\/span>\r\n    <\/label>\r\n    <input type=\"email\" id=\"field_xsl5g\" name=\"item_meta[7]\" value=\"\"  placeholder=\"Email *\" data-reqmsg=\"This field cannot be blank.\" aria-required=\"true\" data-invmsg=\"Email is invalid\" aria-invalid=\"false\"  \/>\r\n    \r\n    \r\n<\/div>\n<div id=\"frm_field_12_container\" class=\"frm_form_field form-field  frm_required_field frm_inside_container frm_fourth\">\r\n    <label for=\"field_buykg\" id=\"field_buykg_label\" class=\"frm_primary_label\">Telefone\r\n        <span class=\"frm_required\" aria-hidden=\"true\">*<\/span>\r\n    <\/label>\r\n    <input type=\"tel\" id=\"field_buykg\" name=\"item_meta[12]\" value=\"\"  placeholder=\"Telefone *\" data-reqmsg=\"This field cannot be blank.\" aria-required=\"true\" data-invmsg=\"Phone is invalid\" aria-invalid=\"false\" pattern=\"((\\+\\d{1,3}(-|.| )?\\(?\\d\\)?(-| |.)?\\d{1,5})|(\\(?\\d{2,6}\\)?))(-|.| )?(\\d{3,4})(-|.| )?(\\d{4})(( x| ext)\\d{1,5}){0,1}$\"  \/>\r\n    \r\n    \r\n<\/div>\n\t<input type=\"hidden\" name=\"item_key\" value=\"\" \/>\n\t\t\t\t<div class=\"frm_verify\" aria-hidden=\"true\">\n\t\t\t\t<label for=\"frm_email_2\">\n\t\t\t\t\tIf you are human, leave this field blank.\t\t\t\t<\/label>\n\t\t\t\t<input type=\"text\" class=\"frm_verify\" id=\"frm_email_2\" name=\"frm_verify\" value=\"\"  \/>\n\t\t\t<\/div>\n\t\t<div class = \"frm_submit frm_sixth frm_inline_submit\"> \r\n\r\n<button class=\"frm_button_submit frm_final_submit\" type=\"submit\"   formnovalidate=\"formnovalidate\">Enviar<\/button>\r\n\r\n<\/div><\/div>\n<\/fieldset>\n<\/div>\n<\/form>\n<\/div>\n<\/div>\n\t\t\t\t<\/div>\n\t\t\t\t<\/div>\n\t\t\t\t<div class=\"elementor-element elementor-element-411522ba elementor-widget elementor-widget-heading\" data-id=\"411522ba\" data-element_type=\"widget\" data-widget_type=\"heading.default\">\n\t\t\t\t<div class=\"elementor-widget-container\">\n\t\t\t<h5 class=\"elementor-heading-title elementor-size-default\">*Oferta corresponde exclusivamente ao Suporte Remoto Personalizado.\n<\/h5>\t\t<\/div>\n\t\t\t\t<\/div>\n\t\t\t\t\t<\/div>\n\t\t<\/div>\n\t\t\t\t\t\t\t<\/div>\n\t\t<\/section>\n\t\t\t\t<section class=\"elementor-section elementor-top-section elementor-element elementor-element-2d94c13d elementor-section-boxed elementor-section-height-default elementor-section-height-default\" data-id=\"2d94c13d\" data-element_type=\"section\" data-settings=\"{&quot;background_background&quot;:&quot;classic&quot;}\">\n\t\t\t\t\t\t<div class=\"elementor-container elementor-column-gap-default\">\n\t\t\t\t\t<div class=\"elementor-column elementor-col-100 elementor-top-column elementor-element elementor-element-2152ed76\" data-id=\"2152ed76\" data-element_type=\"column\">\n\t\t\t<div class=\"elementor-widget-wrap elementor-element-populated\">\n\t\t\t\t\t\t\t\t<section class=\"elementor-section elementor-inner-section elementor-element elementor-element-14caef90 elementor-section-boxed elementor-section-height-default elementor-section-height-default\" data-id=\"14caef90\" data-element_type=\"section\">\n\t\t\t\t\t\t<div class=\"elementor-container elementor-column-gap-default\">\n\t\t\t\t\t<div class=\"elementor-column elementor-col-100 elementor-inner-column elementor-element elementor-element-402362cc\" data-id=\"402362cc\" data-element_type=\"column\">\n\t\t\t<div class=\"elementor-widget-wrap elementor-element-populated\">\n\t\t\t\t\t\t\t\t<div class=\"elementor-element elementor-element-3921979f elementor-widget elementor-widget-text-editor\" data-id=\"3921979f\" data-element_type=\"widget\" data-widget_type=\"text-editor.default\">\n\t\t\t\t<div class=\"elementor-widget-container\">\n\t\t\t\t\t\t\t\t<p>Microsiga\u00ae, Protheus\u00ae e TOTVS\u00ae s\u00e3o produtos e marcas registradas e de propriedade da TOTVS S.A..<\/p><p>\u00a0<\/p><p>A Erpworks \u00e9 uma empresa de consultoria independente e n\u00e3o tem nenhum v\u00ednculo direto ou indireto com a TOTVS\u00ae, qualquer uma de suas franquias ou qualquer um de seus representantes e licenciados, detentora dos direitos legais do ERP Microsiga\u00ae Protheus\u00ae.<\/p>\t\t\t\t\t\t<\/div>\n\t\t\t\t<\/div>\n\t\t\t\t\t<\/div>\n\t\t<\/div>\n\t\t\t\t\t\t\t<\/div>\n\t\t<\/section>\n\t\t\t\t\t<\/div>\n\t\t<\/div>\n\t\t\t\t\t\t\t<\/div>\n\t\t<\/section>\n\t\t\t\t<section class=\"elementor-section elementor-top-section elementor-element elementor-element-2ddc7f14 elementor-section-boxed elementor-section-height-default elementor-section-height-default\" data-id=\"2ddc7f14\" data-element_type=\"section\" data-settings=\"{&quot;background_background&quot;:&quot;classic&quot;}\">\n\t\t\t\t\t\t<div class=\"elementor-container elementor-column-gap-default\">\n\t\t\t\t\t<div class=\"elementor-column elementor-col-100 elementor-top-column elementor-element elementor-element-a42cf79\" data-id=\"a42cf79\" data-element_type=\"column\">\n\t\t\t<div class=\"elementor-widget-wrap elementor-element-populated\">\n\t\t\t\t\t\t\t\t<section class=\"elementor-section elementor-inner-section elementor-element elementor-element-41aecee elementor-section-boxed elementor-section-height-default elementor-section-height-default\" data-id=\"41aecee\" data-element_type=\"section\">\n\t\t\t\t\t\t<div class=\"elementor-container elementor-column-gap-default\">\n\t\t\t\t\t<div class=\"elementor-column elementor-col-50 elementor-inner-column elementor-element elementor-element-8c6fb3c\" data-id=\"8c6fb3c\" data-element_type=\"column\">\n\t\t\t<div class=\"elementor-widget-wrap elementor-element-populated\">\n\t\t\t\t\t\t\t\t<div class=\"elementor-element elementor-element-42da1f51 elementor-widget elementor-widget-html\" data-id=\"42da1f51\" data-element_type=\"widget\" data-widget_type=\"html.default\">\n\t\t\t\t<div class=\"elementor-widget-container\">\n\t\t\t<!-- Global site tag (gtag.js) - Google Analytics -->\n<script async src=\"https:\/\/www.googletagmanager.com\/gtag\/js?id=UA-36508896-1\"><\/script>\n<script>\n  window.dataLayer = window.dataLayer || [];\n  function gtag(){dataLayer.push(arguments);}\n  gtag('js', new Date());\n\n  gtag('config', 'UA-36508896-1');\n<\/script>\n\t\t<\/div>\n\t\t\t\t<\/div>\n\t\t\t\t\t<\/div>\n\t\t<\/div>\n\t\t\t\t<div class=\"elementor-column elementor-col-50 elementor-inner-column elementor-element elementor-element-167fec02\" data-id=\"167fec02\" data-element_type=\"column\">\n\t\t\t<div class=\"elementor-widget-wrap elementor-element-populated\">\n\t\t\t\t\t\t\t\t<div class=\"elementor-element elementor-element-7f7ec488 elementor-fixed elementor-view-default elementor-widget elementor-widget-icon\" data-id=\"7f7ec488\" data-element_type=\"widget\" data-settings=\"{&quot;_position&quot;:&quot;fixed&quot;}\" data-widget_type=\"icon.default\">\n\t\t\t\t<div class=\"elementor-widget-container\">\n\t\t\t\t\t<div class=\"elementor-icon-wrapper\">\n\t\t\t<a class=\"elementor-icon\" href=\"https:\/\/wa.me\/5511971464448?text=Ol\u00e1%20ERPWorks%20meu%20nome%20\u00e9:%20\">\n\t\t\t<?xml version=\"1.0\" encoding=\"UTF-8\"?> <svg xmlns=\"http:\/\/www.w3.org\/2000\/svg\" id=\"whatsapp\" width=\"87.865\" height=\"87.865\" viewBox=\"0 0 87.865 87.865\"><path id=\"Caminho_89\" data-name=\"Caminho 89\" d=\"M0,87.865,6.06,65.9A43.7,43.7,0,0,1,43.781,0C67.868,0,87.865,19.694,87.865,43.629s-20,44.235-44.084,44.235a44.1,44.1,0,0,1-21.36-6.06Z\" fill=\"#ededed\"><\/path><path id=\"Caminho_90\" data-name=\"Caminho 90\" d=\"M60.2,110.491l1.363.757A35.969,35.969,0,0,0,80.5,116.853c19.845,0,36.358-16.513,36.358-36.661a36.359,36.359,0,0,0-72.715,0,36.7,36.7,0,0,0,5.605,19.542l.909,1.363-3.484,12.725Z\" transform=\"translate(-36.563 -36.563)\" fill=\"#55cd6c\"><\/path><path id=\"Caminho_91\" data-name=\"Caminho 91\" d=\"M139.566,135.214l-2.878-.152a3.44,3.44,0,0,0-2.424.909c-1.363,1.212-3.636,3.484-4.242,6.514-1.06,4.545.606,10,4.545,15.452s11.513,14.24,24.844,18.027a12.307,12.307,0,0,0,10.3-1.212A8.938,8.938,0,0,0,173.652,169l.454-2.121a1.523,1.523,0,0,0-.757-1.666l-9.544-4.393a1.445,1.445,0,0,0-1.818.454l-3.787,4.848a1.178,1.178,0,0,1-1.212.3c-2.575-.909-11.21-4.545-15.907-13.634a1.143,1.143,0,0,1,.152-1.212l3.636-4.09a1.866,1.866,0,0,0,.3-1.515l-4.393-9.847a1.32,1.32,0,0,0-1.212-.909\" transform=\"translate(-107.45 -111.884)\" fill=\"#fefefe\"><\/path><\/svg> \t\t\t<\/a>\n\t\t<\/div>\n\t\t\t\t<\/div>\n\t\t\t\t<\/div>\n\t\t\t\t\t<\/div>\n\t\t<\/div>\n\t\t\t\t\t\t\t<\/div>\n\t\t<\/section>\n\t\t\t\t\t<\/div>\n\t\t<\/div>\n\t\t\t\t\t\t\t<\/div>\n\t\t<\/section>\n\t\t\t\t\t\t<\/div>\n\t\t\t\t\t<\/div>\n\t\t","protected":false},"excerpt":{"rendered":"<p>O que \u00e9 o Totvs Protheus O Totvs Protheus \u00e9 o ERP (Sistema Integrado de Gest\u00e3o Empresarial) l\u00edder do mercado brasileiro por possuir duas caracter\u00edsticas muito importantes:\u2022 \u00e9 totalmente adaptado \u00e0 legisla\u00e7\u00e3o brasileira.\u2022 permite a customiza\u00e7\u00e3o do sistema para processos e demandas de gest\u00e3o. \u00a0 A t\u00e3o sonhada efici\u00eancia da gest\u00e3o empresarial com o uso &hellip;<\/p>\n<p class=\"read-more\"> <a class=\"\" href=\"https:\/\/www.erpworks.com.br\/srp\/o-que-e-o-totvs-protheus\/\"> <span class=\"screen-reader-text\">O que \u00e9 o Totvs Protheus<\/span> Leia mais &raquo;<\/a><\/p>\n","protected":false},"author":1,"featured_media":0,"parent":0,"menu_order":0,"comment_status":"closed","ping_status":"closed","template":"elementor_canvas","meta":{"footnotes":""},"class_list":["post-305","page","type-page","status-publish","hentry"],"_links":{"self":[{"href":"https:\/\/www.erpworks.com.br\/srp\/wp-json\/wp\/v2\/pages\/305","targetHints":{"allow":["GET"]}}],"collection":[{"href":"https:\/\/www.erpworks.com.br\/srp\/wp-json\/wp\/v2\/pages"}],"about":[{"href":"https:\/\/www.erpworks.com.br\/srp\/wp-json\/wp\/v2\/types\/page"}],"author":[{"embeddable":true,"href":"https:\/\/www.erpworks.com.br\/srp\/wp-json\/wp\/v2\/users\/1"}],"replies":[{"embeddable":true,"href":"https:\/\/www.erpworks.com.br\/srp\/wp-json\/wp\/v2\/comments?post=305"}],"version-history":[{"count":4,"href":"https:\/\/www.erpworks.com.br\/srp\/wp-json\/wp\/v2\/pages\/305\/revisions"}],"predecessor-version":[{"id":309,"href":"https:\/\/www.erpworks.com.br\/srp\/wp-json\/wp\/v2\/pages\/305\/revisions\/309"}],"wp:attachment":[{"href":"https:\/\/www.erpworks.com.br\/srp\/wp-json\/wp\/v2\/media?parent=305"}],"curies":[{"name":"wp","href":"https:\/\/api.w.org\/{rel}","templated":true}]}}